{"id":141,"date":"2022-12-20T09:51:52","date_gmt":"2022-12-20T08:51:52","guid":{"rendered":"https:\/\/test.crecheloursenpeluche.fr\/?page_id=141"},"modified":"2023-01-09T18:05:28","modified_gmt":"2023-01-09T17:05:28","slug":"vie-associative","status":"publish","type":"page","link":"https:\/\/test.crecheloursenpeluche.fr\/index.php\/vie-associative\/","title":{"rendered":"Vie associative"},"content":{"rendered":"\t\t<div data-elementor-type=\"wp-page\" data-elementor-id=\"141\" class=\"elementor elementor-141\">\n\t\t\t\t\t\t\t\t\t<section class=\"elementor-section elementor-top-section elementor-element elementor-element-33f814b elementor-section-stretched elementor-section-boxed elementor-section-height-default elementor-section-height-default\" data-id=\"33f814b\" data-element_type=\"section\" data-settings=\"{&quot;stretch_section&quot;:&quot;section-stretched&quot;}\">\n\t\t\t\t\t\t<div class=\"elementor-container elementor-column-gap-default\">\n\t\t\t\t\t<div class=\"elementor-column elementor-col-100 elementor-top-column elementor-element elementor-element-a5e482d\" data-id=\"a5e482d\" data-element_type=\"column\">\n\t\t\t<div class=\"elementor-widget-wrap elementor-element-populated\">\n\t\t\t\t\t\t\t\t<div class=\"elementor-element elementor-element-0493ec7 elementor-widget elementor-widget-text-editor\" data-id=\"0493ec7\" data-element_type=\"widget\" data-widget_type=\"text-editor.default\">\n\t\t\t\t<div class=\"elementor-widget-container\">\n\t\t\t<style>\/*! elementor - v3.10.2 - 29-01-2023 *\/\n.elementor-widget-text-editor.elementor-drop-cap-view-stacked .elementor-drop-cap{background-color:#818a91;color:#fff}.elementor-widget-text-editor.elementor-drop-cap-view-framed .elementor-drop-cap{color:#818a91;border:3px solid;background-color:transparent}.elementor-widget-text-editor:not(.elementor-drop-cap-view-default) .elementor-drop-cap{margin-top:8px}.elementor-widget-text-editor:not(.elementor-drop-cap-view-default) .elementor-drop-cap-letter{width:1em;height:1em}.elementor-widget-text-editor .elementor-drop-cap{float:left;text-align:center;line-height:1;font-size:50px}.elementor-widget-text-editor .elementor-drop-cap-letter{display:inline-block}<\/style>\t\t\t\t\t\t\t\t\t\t<\/div>\n\t\t\t\t<\/div>\n\t\t\t\t\t<\/div>\n\t\t<\/div>\n\t\t\t\t\t\t\t<\/div>\n\t\t<\/section>\n\t\t\t\t<section class=\"elementor-section elementor-top-section elementor-element elementor-element-7fc2fa0 elementor-section-stretched elementor-section-boxed elementor-section-height-default elementor-section-height-default\" data-id=\"7fc2fa0\" data-element_type=\"section\" data-settings=\"{&quot;stretch_section&quot;:&quot;section-stretched&quot;}\">\n\t\t\t\t\t\t<div class=\"elementor-container elementor-column-gap-default\">\n\t\t\t\t\t<div class=\"elementor-column elementor-col-100 elementor-top-column elementor-element elementor-element-1d632ab\" data-id=\"1d632ab\" data-element_type=\"column\">\n\t\t\t<div class=\"elementor-widget-wrap elementor-element-populated\">\n\t\t\t\t\t\t\t\t<div class=\"elementor-element elementor-element-dc41de4 elementor-widget elementor-widget-heading\" data-id=\"dc41de4\" data-element_type=\"widget\" data-widget_type=\"heading.default\">\n\t\t\t\t<div class=\"elementor-widget-container\">\n\t\t\t<style>\/*! elementor - v3.10.2 - 29-01-2023 *\/\n.elementor-heading-title{padding:0;margin:0;line-height:1}.elementor-widget-heading .elementor-heading-title[class*=elementor-size-]>a{color:inherit;font-size:inherit;line-height:inherit}.elementor-widget-heading .elementor-heading-title.elementor-size-small{font-size:15px}.elementor-widget-heading .elementor-heading-title.elementor-size-medium{font-size:19px}.elementor-widget-heading .elementor-heading-title.elementor-size-large{font-size:29px}.elementor-widget-heading .elementor-heading-title.elementor-size-xl{font-size:39px}.elementor-widget-heading .elementor-heading-title.elementor-size-xxl{font-size:59px}<\/style><h3 class=\"elementor-heading-title elementor-size-default\">Les moments forts de la vie associative<\/h3>\t\t<\/div>\n\t\t\t\t<\/div>\n\t\t\t\t\t<\/div>\n\t\t<\/div>\n\t\t\t\t\t\t\t<\/div>\n\t\t<\/section>\n\t\t\t\t<section class=\"elementor-section elementor-top-section elementor-element elementor-element-7b41d2f elementor-section-stretched elementor-section-boxed elementor-section-height-default elementor-section-height-default\" data-id=\"7b41d2f\" data-element_type=\"section\" data-settings=\"{&quot;stretch_section&quot;:&quot;section-stretched&quot;}\">\n\t\t\t\t\t\t<div class=\"elementor-container elementor-column-gap-default\">\n\t\t\t\t\t<div class=\"elementor-column elementor-col-100 elementor-top-column elementor-element elementor-element-732d9e2\" data-id=\"732d9e2\" data-element_type=\"column\">\n\t\t\t<div class=\"elementor-widget-wrap elementor-element-populated\">\n\t\t\t\t\t\t\t\t<div class=\"elementor-element elementor-element-ef445aa elementor-widget elementor-widget-text-editor\" data-id=\"ef445aa\" data-element_type=\"widget\" data-widget_type=\"text-editor.default\">\n\t\t\t\t<div class=\"elementor-widget-container\">\n\t\t\t\t\t\t\t<p><span style=\"color: #000000;\">Tout au long de l\u2019ann\u00e9e, vous \u00eates invit\u00e9s \u00e0 participer \u00e0 des temps forts de la vie associative, avec ou sans enfants, pour \u00e9changer et partager des moments de convivialit\u00e9 avec la mise en place du caf\u00e9\u00a0des parents, soir\u00e9es th\u00e9matiques et autres\u00a0go\u00fbters.<\/span><\/p><p><span style=\"color: #000000;\">\ud83e\uddf8 Septembre: Caf\u00e9 des parents\u00a0\u00a0de 8h \u00e0 9h30 pour se retrouver autour de viennoiseries entre parents et \u00e9quipe<\/span><\/p><p><span style=\"color: #000000;\">\ud83e\uddf8 D\u00e9cembre: Caf\u00e9 des parents de 8h \u00e0 9h30 pour se retrouver autour de viennoiseries entre parents et \u00e9quipe<\/span><\/p><p><span style=\"color: #000000;\">\ud83e\uddf8 Gouter de fin d&rsquo;ann\u00e9e de la cr\u00e8che toute l&rsquo;\u00e9quipe et les familles se retrouvent \u00e0 partir de 16h30 pour partager un moment amical<\/span><\/p><p><span style=\"color: #000000;\">\ud83e\uddf8 Sortie \u00e0 la m\u00e9diath\u00e8que ou l&rsquo;\u00e9quipe, parents et enfants partagent un moment unique autours d&rsquo;histoires<\/span><\/p><p><span style=\"color: #000000;\">\ud83e\uddf8 Semaine du go\u00fbts ou petits et grands se rendre au march\u00e9 pour un \u00e9veil des sens<\/span><\/p>\t\t\t\t\t\t<\/div>\n\t\t\t\t<\/div>\n\t\t\t\t\t<\/div>\n\t\t<\/div>\n\t\t\t\t\t\t\t<\/div>\n\t\t<\/section>\n\t\t\t\t<section class=\"elementor-section elementor-top-section elementor-element elementor-element-28120de elementor-section-stretched elementor-section-boxed elementor-section-height-default elementor-section-height-default\" data-id=\"28120de\" data-element_type=\"section\" data-settings=\"{&quot;stretch_section&quot;:&quot;section-stretched&quot;}\">\n\t\t\t\t\t\t<div class=\"elementor-container elementor-column-gap-default\">\n\t\t\t\t\t<div class=\"elementor-column elementor-col-50 elementor-top-column elementor-element elementor-element-faaf881\" data-id=\"faaf881\" data-element_type=\"column\">\n\t\t\t<div class=\"elementor-widget-wrap elementor-element-populated\">\n\t\t\t\t\t\t\t\t<div class=\"elementor-element elementor-element-c1e1f1d elementor-widget elementor-widget-image\" data-id=\"c1e1f1d\" data-element_type=\"widget\" data-widget_type=\"image.default\">\n\t\t\t\t<div class=\"elementor-widget-container\">\n\t\t\t<style>\/*! elementor - v3.10.2 - 29-01-2023 *\/\n.elementor-widget-image{text-align:center}.elementor-widget-image a{display:inline-block}.elementor-widget-image a img[src$=\".svg\"]{width:48px}.elementor-widget-image img{vertical-align:middle;display:inline-block}<\/style>\t\t\t\t\t\t\t\t\t\t\t\t<img loading=\"lazy\" decoding=\"async\" width=\"640\" height=\"446\" src=\"https:\/\/test.crecheloursenpeluche.fr\/wp-content\/uploads\/2022\/12\/takeaway-gcb87daeda_1920-1024x713.jpg\" class=\"attachment-large size-large wp-image-145\" alt=\"\" srcset=\"https:\/\/test.crecheloursenpeluche.fr\/wp-content\/uploads\/2022\/12\/takeaway-gcb87daeda_1920-1024x713.jpg 1024w, https:\/\/test.crecheloursenpeluche.fr\/wp-content\/uploads\/2022\/12\/takeaway-gcb87daeda_1920-300x209.jpg 300w, https:\/\/test.crecheloursenpeluche.fr\/wp-content\/uploads\/2022\/12\/takeaway-gcb87daeda_1920-768x534.jpg 768w, https:\/\/test.crecheloursenpeluche.fr\/wp-content\/uploads\/2022\/12\/takeaway-gcb87daeda_1920-1536x1069.jpg 1536w, https:\/\/test.crecheloursenpeluche.fr\/wp-content\/uploads\/2022\/12\/takeaway-gcb87daeda_1920.jpg 1920w\" sizes=\"auto, (max-width: 640px) 100vw, 640px\" \/>\t\t\t\t\t\t\t\t\t\t\t\t\t\t\t<\/div>\n\t\t\t\t<\/div>\n\t\t\t\t\t<\/div>\n\t\t<\/div>\n\t\t\t\t<div class=\"elementor-column elementor-col-50 elementor-top-column elementor-element elementor-element-55e3417\" data-id=\"55e3417\" data-element_type=\"column\">\n\t\t\t<div class=\"elementor-widget-wrap elementor-element-populated\">\n\t\t\t\t\t\t\t\t<div class=\"elementor-element elementor-element-31ac973 elementor-widget elementor-widget-image\" data-id=\"31ac973\" data-element_type=\"widget\" data-widget_type=\"image.default\">\n\t\t\t\t<div class=\"elementor-widget-container\">\n\t\t\t\t\t\t\t\t\t\t\t\t\t\t\t<img loading=\"lazy\" decoding=\"async\" width=\"640\" height=\"427\" src=\"https:\/\/test.crecheloursenpeluche.fr\/wp-content\/uploads\/2022\/12\/read-out-gcf0989abd_1920-1024x683.png\" class=\"attachment-large size-large wp-image-146\" alt=\"\" srcset=\"https:\/\/test.crecheloursenpeluche.fr\/wp-content\/uploads\/2022\/12\/read-out-gcf0989abd_1920-1024x683.png 1024w, https:\/\/test.crecheloursenpeluche.fr\/wp-content\/uploads\/2022\/12\/read-out-gcf0989abd_1920-300x200.png 300w, https:\/\/test.crecheloursenpeluche.fr\/wp-content\/uploads\/2022\/12\/read-out-gcf0989abd_1920-768x512.png 768w, https:\/\/test.crecheloursenpeluche.fr\/wp-content\/uploads\/2022\/12\/read-out-gcf0989abd_1920-1536x1024.png 1536w, https:\/\/test.crecheloursenpeluche.fr\/wp-content\/uploads\/2022\/12\/read-out-gcf0989abd_1920.png 1920w\" sizes=\"auto, (max-width: 640px) 100vw, 640px\" \/>\t\t\t\t\t\t\t\t\t\t\t\t\t\t\t<\/div>\n\t\t\t\t<\/div>\n\t\t\t\t\t<\/div>\n\t\t<\/div>\n\t\t\t\t\t\t\t<\/div>\n\t\t<\/section>\n\t\t\t\t\t\t\t<\/div>\n\t\t","protected":false},"excerpt":{"rendered":"<p>Les moments forts de la vie associative Tout au long de l\u2019ann\u00e9e, vous \u00eates invit\u00e9s \u00e0 participer \u00e0 des temps forts de la vie associative, [&hellip;]<\/p>\n","protected":false},"author":1,"featured_media":0,"parent":0,"menu_order":0,"comment_status":"closed","ping_status":"closed","template":"","meta":{"footnotes":""},"class_list":["post-141","page","type-page","status-publish","hentry"],"_links":{"self":[{"href":"https:\/\/test.crecheloursenpeluche.fr\/index.php\/wp-json\/wp\/v2\/pages\/141","targetHints":{"allow":["GET"]}}],"collection":[{"href":"https:\/\/test.crecheloursenpeluche.fr\/index.php\/wp-json\/wp\/v2\/pages"}],"about":[{"href":"https:\/\/test.crecheloursenpeluche.fr\/index.php\/wp-json\/wp\/v2\/types\/page"}],"author":[{"embeddable":true,"href":"https:\/\/test.crecheloursenpeluche.fr\/index.php\/wp-json\/wp\/v2\/users\/1"}],"replies":[{"embeddable":true,"href":"https:\/\/test.crecheloursenpeluche.fr\/index.php\/wp-json\/wp\/v2\/comments?post=141"}],"version-history":[{"count":13,"href":"https:\/\/test.crecheloursenpeluche.fr\/index.php\/wp-json\/wp\/v2\/pages\/141\/revisions"}],"predecessor-version":[{"id":654,"href":"https:\/\/test.crecheloursenpeluche.fr\/index.php\/wp-json\/wp\/v2\/pages\/141\/revisions\/654"}],"wp:attachment":[{"href":"https:\/\/test.crecheloursenpeluche.fr\/index.php\/wp-json\/wp\/v2\/media?parent=141"}],"curies":[{"name":"wp","href":"https:\/\/api.w.org\/{rel}","templated":true}]}}