{"id":18,"date":"2022-12-19T14:05:08","date_gmt":"2022-12-19T13:05:08","guid":{"rendered":"https:\/\/test.crecheloursenpeluche.fr\/?page_id=18"},"modified":"2023-01-26T14:00:41","modified_gmt":"2023-01-26T13:00:41","slug":"modalites-dinscription","status":"publish","type":"page","link":"https:\/\/test.crecheloursenpeluche.fr\/index.php\/modalites-dinscription\/","title":{"rendered":"Modalit\u00e9s d&rsquo;inscription"},"content":{"rendered":"\t\t<div data-elementor-type=\"wp-page\" data-elementor-id=\"18\" class=\"elementor elementor-18\">\n\t\t\t\t\t\t\t\t\t<section class=\"elementor-section elementor-top-section elementor-element elementor-element-2b62b64 elementor-section-boxed elementor-section-height-default elementor-section-height-default\" data-id=\"2b62b64\" data-element_type=\"section\">\n\t\t\t\t\t\t<div class=\"elementor-container elementor-column-gap-default\">\n\t\t\t\t\t<div class=\"elementor-column elementor-col-50 elementor-top-column elementor-element elementor-element-e31b2b8\" data-id=\"e31b2b8\" data-element_type=\"column\">\n\t\t\t<div class=\"elementor-widget-wrap elementor-element-populated\">\n\t\t\t\t\t\t\t\t<div class=\"elementor-element elementor-element-333a032 elementor-widget elementor-widget-text-editor\" data-id=\"333a032\" data-element_type=\"widget\" data-widget_type=\"text-editor.default\">\n\t\t\t\t<div class=\"elementor-widget-container\">\n\t\t\t<style>\/*! elementor - v3.10.2 - 29-01-2023 *\/\n.elementor-widget-text-editor.elementor-drop-cap-view-stacked .elementor-drop-cap{background-color:#818a91;color:#fff}.elementor-widget-text-editor.elementor-drop-cap-view-framed .elementor-drop-cap{color:#818a91;border:3px solid;background-color:transparent}.elementor-widget-text-editor:not(.elementor-drop-cap-view-default) .elementor-drop-cap{margin-top:8px}.elementor-widget-text-editor:not(.elementor-drop-cap-view-default) .elementor-drop-cap-letter{width:1em;height:1em}.elementor-widget-text-editor .elementor-drop-cap{float:left;text-align:center;line-height:1;font-size:50px}.elementor-widget-text-editor .elementor-drop-cap-letter{display:inline-block}<\/style>\t\t\t\t<h3><span style=\"color: #ffaf43;\"><b>Pour les moins de 20h<\/b><\/span><\/h3><h2 style=\"color: var( --e-global-color-primary ); font-weight: var( --e-global-typography-primary-font-weight ); font-family: var( --e-global-typography-primary-font-family ), Sans-serif;\" data-elementor-setting-key=\"title\" data-pen-placeholder=\"\u00c9crivez ici...\"><span style=\"font-weight: var( --e-global-typography-text-font-weight ); font-size: 16px; font-family: Sniglet, sans-serif; color: #000000;\">Il vous suffit de contacter la cr\u00e8che au<\/span><span style=\"color: var( --e-global-color-text ); font-weight: var( --e-global-typography-text-font-weight ); font-size: 16px; font-family: Sniglet, sans-serif;\">\u00a0<\/span><span style=\"font-weight: var( --e-global-typography-text-font-weight ); font-size: 16px; font-family: Sniglet, sans-serif; color: #99cc00;\">04 72 53 91 13\u00a0<span style=\"color: #000000;\">ou de remplir le<\/span>\u00a0<a style=\"color: #99cc00;\" href=\"https:\/\/test.crecheloursenpeluche.fr\/index.php\/nous-contacter\/\">formulaire de contact<\/a><\/span><\/h2>\t\t\t\t\t\t<\/div>\n\t\t\t\t<\/div>\n\t\t\t\t\t<\/div>\n\t\t<\/div>\n\t\t\t\t<div class=\"elementor-column elementor-col-50 elementor-top-column elementor-element elementor-element-49d7db3\" data-id=\"49d7db3\" data-element_type=\"column\">\n\t\t\t<div class=\"elementor-widget-wrap elementor-element-populated\">\n\t\t\t\t\t\t\t\t<div class=\"elementor-element elementor-element-2e29463 elementor-widget elementor-widget-text-editor\" data-id=\"2e29463\" data-element_type=\"widget\" data-widget_type=\"text-editor.default\">\n\t\t\t\t<div class=\"elementor-widget-container\">\n\t\t\t\t\t\t\t<h3><span style=\"color: #ffaf43;\"><b>Pour les plus de 20h<\/b><\/span><\/h3><p><span style=\"color: #000000;\">Toute demande d\u2019inscription n\u00e9cessite un rendez-vous au point PAIPE (Point d\u2019Accueil et d\u2019Inscription Petite Enfance) \u00e0 la mairie du 9\u00e8me. Votre dossier sera trait\u00e9 en commission.<\/span><\/p><p><span style=\"color: #000000;\">Plus d&rsquo;informations sur le site<\/span> <span style=\"color: #99cc00;\"><a style=\"color: #99cc00;\" href=\"https:\/\/mairie9.lyon.fr\/enfance-et-education\/petite-enfance\/laccueil-collectif\">Lyon espace petite enfance<\/a><\/span><\/p>\t\t\t\t\t\t<\/div>\n\t\t\t\t<\/div>\n\t\t\t\t\t<\/div>\n\t\t<\/div>\n\t\t\t\t\t\t\t<\/div>\n\t\t<\/section>\n\t\t\t\t<section class=\"elementor-section elementor-top-section elementor-element elementor-element-e234b55 elementor-section-stretched elementor-section-boxed elementor-section-height-default elementor-section-height-default\" data-id=\"e234b55\" data-element_type=\"section\" data-settings=\"{&quot;stretch_section&quot;:&quot;section-stretched&quot;}\">\n\t\t\t\t\t\t<div class=\"elementor-container elementor-column-gap-default\">\n\t\t\t\t\t<div class=\"elementor-column elementor-col-100 elementor-top-column elementor-element elementor-element-7f7cb98\" data-id=\"7f7cb98\" data-element_type=\"column\">\n\t\t\t<div class=\"elementor-widget-wrap elementor-element-populated\">\n\t\t\t\t\t\t\t\t<div class=\"elementor-element elementor-element-ff9bbf8 elementor-widget-divider--separator-type-pattern elementor-widget-divider--view-line elementor-widget elementor-widget-divider\" data-id=\"ff9bbf8\" data-element_type=\"widget\" data-widget_type=\"divider.default\">\n\t\t\t\t<div class=\"elementor-widget-container\">\n\t\t\t<style>\/*! elementor - v3.10.2 - 29-01-2023 *\/\n.elementor-widget-divider{--divider-border-style:none;--divider-border-width:1px;--divider-color:#2c2c2c;--divider-icon-size:20px;--divider-element-spacing:10px;--divider-pattern-height:24px;--divider-pattern-size:20px;--divider-pattern-url:none;--divider-pattern-repeat:repeat-x}.elementor-widget-divider .elementor-divider{display:flex}.elementor-widget-divider .elementor-divider__text{font-size:15px;line-height:1;max-width:95%}.elementor-widget-divider .elementor-divider__element{margin:0 var(--divider-element-spacing);flex-shrink:0}.elementor-widget-divider .elementor-icon{font-size:var(--divider-icon-size)}.elementor-widget-divider .elementor-divider-separator{display:flex;margin:0;direction:ltr}.elementor-widget-divider--view-line_icon .elementor-divider-separator,.elementor-widget-divider--view-line_text .elementor-divider-separator{align-items:center}.elementor-widget-divider--view-line_icon .elementor-divider-separator:after,.elementor-widget-divider--view-line_icon .elementor-divider-separator:before,.elementor-widget-divider--view-line_text .elementor-divider-separator:after,.elementor-widget-divider--view-line_text .elementor-divider-separator:before{display:block;content:\"\";border-bottom:0;flex-grow:1;border-top:var(--divider-border-width) var(--divider-border-style) var(--divider-color)}.elementor-widget-divider--element-align-left .elementor-divider .elementor-divider-separator>.elementor-divider__svg:first-of-type{flex-grow:0;flex-shrink:100}.elementor-widget-divider--element-align-left .elementor-divider-separator:before{content:none}.elementor-widget-divider--element-align-left .elementor-divider__element{margin-left:0}.elementor-widget-divider--element-align-right .elementor-divider .elementor-divider-separator>.elementor-divider__svg:last-of-type{flex-grow:0;flex-shrink:100}.elementor-widget-divider--element-align-right .elementor-divider-separator:after{content:none}.elementor-widget-divider--element-align-right .elementor-divider__element{margin-right:0}.elementor-widget-divider:not(.elementor-widget-divider--view-line_text):not(.elementor-widget-divider--view-line_icon) .elementor-divider-separator{border-top:var(--divider-border-width) var(--divider-border-style) var(--divider-color)}.elementor-widget-divider--separator-type-pattern{--divider-border-style:none}.elementor-widget-divider--separator-type-pattern.elementor-widget-divider--view-line .elementor-divider-separator,.elementor-widget-divider--separator-type-pattern:not(.elementor-widget-divider--view-line) .elementor-divider-separator:after,.elementor-widget-divider--separator-type-pattern:not(.elementor-widget-divider--view-line) .elementor-divider-separator:before,.elementor-widget-divider--separator-type-pattern:not([class*=elementor-widget-divider--view]) .elementor-divider-separator{width:100%;min-height:var(--divider-pattern-height);-webkit-mask-size:var(--divider-pattern-size) 100%;mask-size:var(--divider-pattern-size) 100%;-webkit-mask-repeat:var(--divider-pattern-repeat);mask-repeat:var(--divider-pattern-repeat);background-color:var(--divider-color);-webkit-mask-image:var(--divider-pattern-url);mask-image:var(--divider-pattern-url)}.elementor-widget-divider--no-spacing{--divider-pattern-size:auto}.elementor-widget-divider--bg-round{--divider-pattern-repeat:round}.rtl .elementor-widget-divider .elementor-divider__text{direction:rtl}.e-con-inner>.elementor-widget-divider,.e-con>.elementor-widget-divider{width:var(--container-widget-width);--flex-grow:var(--container-widget-flex-grow)}<\/style>\t\t<div class=\"elementor-divider\" style=\"--divider-pattern-url: url(&quot;data:image\/svg+xml,%3Csvg xmlns=&#039;http:\/\/www.w3.org\/2000\/svg&#039; preserveAspectRatio=&#039;none&#039; overflow=&#039;visible&#039; height=&#039;100%&#039; viewBox=&#039;0 0 24 24&#039; fill=&#039;none&#039; stroke=&#039;black&#039; stroke-width=&#039;1&#039; stroke-linecap=&#039;square&#039; stroke-miterlimit=&#039;10&#039;%3E%3Cpath d=&#039;M0,21c3.3,0,8.3-0.9,15.7-7.1c6.6-5.4,4.4-9.3,2.4-10.3c-3.4-1.8-7.7,1.3-7.3,8.8C11.2,20,17.1,21,24,21&#039;\/%3E%3C\/svg%3E&quot;);\">\n\t\t\t<span class=\"elementor-divider-separator\">\n\t\t\t\t\t\t<\/span>\n\t\t<\/div>\n\t\t\t\t<\/div>\n\t\t\t\t<\/div>\n\t\t\t\t\t<\/div>\n\t\t<\/div>\n\t\t\t\t\t\t\t<\/div>\n\t\t<\/section>\n\t\t\t\t<section class=\"elementor-section elementor-top-section elementor-element elementor-element-90c234a elementor-section-stretched elementor-section-boxed elementor-section-height-default elementor-section-height-default\" data-id=\"90c234a\" data-element_type=\"section\" data-settings=\"{&quot;stretch_section&quot;:&quot;section-stretched&quot;}\">\n\t\t\t\t\t\t<div class=\"elementor-container elementor-column-gap-default\">\n\t\t\t\t\t<div class=\"elementor-column elementor-col-100 elementor-top-column elementor-element elementor-element-c4517d0\" data-id=\"c4517d0\" data-element_type=\"column\">\n\t\t\t<div class=\"elementor-widget-wrap elementor-element-populated\">\n\t\t\t\t\t\t\t\t<div class=\"elementor-element elementor-element-8130e71 elementor-widget elementor-widget-heading\" data-id=\"8130e71\" data-element_type=\"widget\" data-widget_type=\"heading.default\">\n\t\t\t\t<div class=\"elementor-widget-container\">\n\t\t\t<style>\/*! elementor - v3.10.2 - 29-01-2023 *\/\n.elementor-heading-title{padding:0;margin:0;line-height:1}.elementor-widget-heading .elementor-heading-title[class*=elementor-size-]>a{color:inherit;font-size:inherit;line-height:inherit}.elementor-widget-heading .elementor-heading-title.elementor-size-small{font-size:15px}.elementor-widget-heading .elementor-heading-title.elementor-size-medium{font-size:19px}.elementor-widget-heading .elementor-heading-title.elementor-size-large{font-size:29px}.elementor-widget-heading .elementor-heading-title.elementor-size-xl{font-size:39px}.elementor-widget-heading .elementor-heading-title.elementor-size-xxl{font-size:59px}<\/style><h3 class=\"elementor-heading-title elementor-size-default\">Pour faire une demande de moins de 20h<\/h3>\t\t<\/div>\n\t\t\t\t<\/div>\n\t\t\t\t\t<\/div>\n\t\t<\/div>\n\t\t\t\t\t\t\t<\/div>\n\t\t<\/section>\n\t\t\t\t<section class=\"elementor-section elementor-top-section elementor-element elementor-element-6d495f7 elementor-section-stretched elementor-section-boxed elementor-section-height-default elementor-section-height-default\" data-id=\"6d495f7\" data-element_type=\"section\" data-settings=\"{&quot;stretch_section&quot;:&quot;section-stretched&quot;}\">\n\t\t\t\t\t\t<div class=\"elementor-container elementor-column-gap-default\">\n\t\t\t\t\t<div class=\"elementor-column elementor-col-100 elementor-top-column elementor-element elementor-element-7158181\" data-id=\"7158181\" data-element_type=\"column\">\n\t\t\t<div class=\"elementor-widget-wrap elementor-element-populated\">\n\t\t\t\t\t\t\t\t<div class=\"elementor-element elementor-element-7aac962 elementor-widget elementor-widget-text-editor\" data-id=\"7aac962\" data-element_type=\"widget\" data-widget_type=\"text-editor.default\">\n\t\t\t\t<div class=\"elementor-widget-container\">\n\t\t\t\t\t\t\t<p><span style=\"color: #000000;\">Parents, vous souhaitez faire une demande pour votre enfant pour un moins de 20h \u00e0 la cr\u00e8che L&rsquo;Ours en Peluche.<\/span><br \/><span style=\"color: #000000;\">Pour faciliter l\u2019enregistrement de votre demande, nous vous demandons une trace \u00e9crite (Courrier\/Mail).<\/span><\/p><p><span style=\"color: #000000;\">Vous devez nous pr\u00e9ciser:<\/span><\/p><p><span style=\"color: #000000;\">\ud83e\uddf8 Nom\/Pr\u00e9nom et date de naissance de l\u2019enfant, Nom des deux parents et coordonn\u00e9es (t\u00e9l\u00e9phone, adresse et courriel),<\/span><\/p><p><span style=\"color: #000000;\">\ud83e\uddf8 Mode de garde recherch\u00e9: occasionnel ou r\u00e9gulier, si planning hebdomadaire fixe ou variable avec jours et horaires \u00e0 pr\u00e9ciser et si les jours peuvent \u00eatre au choix de la structure,<\/span><\/p><p><span style=\"color: #000000;\">\ud83e\uddf8 Si cela concerne un rapprochement de fratrie (D\u00e9j\u00e0 un enfant inscrit dans une cr\u00e8che),<\/span><\/p><p><span style=\"color: #000000;\">\ud83e\uddf8 Date d\u2019entr\u00e9e souhait\u00e9e,<\/span><\/p><p><span style=\"color: #000000;\">\ud83e\uddf8 Mode de garde actuel,<\/span><\/p><p><span style=\"color: #000000;\">Si votre demande est plac\u00e9e sur liste d&rsquo;attente, d\u00e8s qu&rsquo;une place est disponible en lien avec vos souhaits, la directrice vous contacte directement.<\/span><\/p><p><span style=\"color: #000000;\">Nous restons \u00e0 votre disposition pour tout renseignement compl\u00e9mentaire.<\/span><\/p>\t\t\t\t\t\t<\/div>\n\t\t\t\t<\/div>\n\t\t\t\t\t<\/div>\n\t\t<\/div>\n\t\t\t\t\t\t\t<\/div>\n\t\t<\/section>\n\t\t\t\t<section class=\"elementor-section elementor-top-section elementor-element elementor-element-802fb84 elementor-section-stretched elementor-section-boxed elementor-section-height-default elementor-section-height-default\" data-id=\"802fb84\" data-element_type=\"section\" data-settings=\"{&quot;stretch_section&quot;:&quot;section-stretched&quot;}\">\n\t\t\t\t\t\t<div class=\"elementor-container elementor-column-gap-default\">\n\t\t\t\t\t<div class=\"elementor-column elementor-col-100 elementor-top-column elementor-element elementor-element-4ac9a3e\" data-id=\"4ac9a3e\" data-element_type=\"column\">\n\t\t\t<div class=\"elementor-widget-wrap elementor-element-populated\">\n\t\t\t\t\t\t\t\t<div class=\"elementor-element elementor-element-45191a4 elementor-widget elementor-widget-image\" data-id=\"45191a4\" data-element_type=\"widget\" data-widget_type=\"image.default\">\n\t\t\t\t<div class=\"elementor-widget-container\">\n\t\t\t<style>\/*! elementor - v3.10.2 - 29-01-2023 *\/\n.elementor-widget-image{text-align:center}.elementor-widget-image a{display:inline-block}.elementor-widget-image a img[src$=\".svg\"]{width:48px}.elementor-widget-image img{vertical-align:middle;display:inline-block}<\/style>\t\t\t\t\t\t\t\t\t\t\t\t<img loading=\"lazy\" decoding=\"async\" width=\"640\" height=\"306\" src=\"https:\/\/test.crecheloursenpeluche.fr\/wp-content\/uploads\/2022\/12\/still-life-g7c3798d76_1920-1024x490.jpg\" class=\"attachment-large size-large wp-image-95\" alt=\"\" srcset=\"https:\/\/test.crecheloursenpeluche.fr\/wp-content\/uploads\/2022\/12\/still-life-g7c3798d76_1920-1024x490.jpg 1024w, https:\/\/test.crecheloursenpeluche.fr\/wp-content\/uploads\/2022\/12\/still-life-g7c3798d76_1920-300x144.jpg 300w, https:\/\/test.crecheloursenpeluche.fr\/wp-content\/uploads\/2022\/12\/still-life-g7c3798d76_1920-768x368.jpg 768w, https:\/\/test.crecheloursenpeluche.fr\/wp-content\/uploads\/2022\/12\/still-life-g7c3798d76_1920-1536x735.jpg 1536w, https:\/\/test.crecheloursenpeluche.fr\/wp-content\/uploads\/2022\/12\/still-life-g7c3798d76_1920.jpg 1920w\" sizes=\"auto, (max-width: 640px) 100vw, 640px\" \/>\t\t\t\t\t\t\t\t\t\t\t\t\t\t\t<\/div>\n\t\t\t\t<\/div>\n\t\t\t\t\t<\/div>\n\t\t<\/div>\n\t\t\t\t\t\t\t<\/div>\n\t\t<\/section>\n\t\t\t\t\t\t\t<\/div>\n\t\t","protected":false},"excerpt":{"rendered":"<p>Pour les moins de 20h Il vous suffit de contacter la cr\u00e8che au\u00a004 72 53 91 13\u00a0ou de remplir le\u00a0formulaire de contact Pour les plus [&hellip;]<\/p>\n","protected":false},"author":1,"featured_media":0,"parent":0,"menu_order":0,"comment_status":"closed","ping_status":"closed","template":"","meta":{"footnotes":""},"class_list":["post-18","page","type-page","status-publish","hentry"],"_links":{"self":[{"href":"https:\/\/test.crecheloursenpeluche.fr\/index.php\/wp-json\/wp\/v2\/pages\/18","targetHints":{"allow":["GET"]}}],"collection":[{"href":"https:\/\/test.crecheloursenpeluche.fr\/index.php\/wp-json\/wp\/v2\/pages"}],"about":[{"href":"https:\/\/test.crecheloursenpeluche.fr\/index.php\/wp-json\/wp\/v2\/types\/page"}],"author":[{"embeddable":true,"href":"https:\/\/test.crecheloursenpeluche.fr\/index.php\/wp-json\/wp\/v2\/users\/1"}],"replies":[{"embeddable":true,"href":"https:\/\/test.crecheloursenpeluche.fr\/index.php\/wp-json\/wp\/v2\/comments?post=18"}],"version-history":[{"count":34,"href":"https:\/\/test.crecheloursenpeluche.fr\/index.php\/wp-json\/wp\/v2\/pages\/18\/revisions"}],"predecessor-version":[{"id":724,"href":"https:\/\/test.crecheloursenpeluche.fr\/index.php\/wp-json\/wp\/v2\/pages\/18\/revisions\/724"}],"wp:attachment":[{"href":"https:\/\/test.crecheloursenpeluche.fr\/index.php\/wp-json\/wp\/v2\/media?parent=18"}],"curies":[{"name":"wp","href":"https:\/\/api.w.org\/{rel}","templated":true}]}}