{"id":189,"date":"2022-12-20T11:13:39","date_gmt":"2022-12-20T10:13:39","guid":{"rendered":"https:\/\/test.crecheloursenpeluche.fr\/?page_id=189"},"modified":"2023-01-22T16:33:31","modified_gmt":"2023-01-22T15:33:31","slug":"la-creche-2","status":"publish","type":"page","link":"https:\/\/test.crecheloursenpeluche.fr\/","title":{"rendered":"Accueil"},"content":{"rendered":"\t\t<div data-elementor-type=\"wp-page\" data-elementor-id=\"189\" class=\"elementor elementor-189\">\n\t\t\t\t\t\t\t\t\t<section class=\"elementor-section elementor-top-section elementor-element elementor-element-48fc78b elementor-section-stretched elementor-section-boxed elementor-section-height-default elementor-section-height-default\" data-id=\"48fc78b\" data-element_type=\"section\" data-settings=\"{&quot;stretch_section&quot;:&quot;section-stretched&quot;}\">\n\t\t\t\t\t\t<div class=\"elementor-container elementor-column-gap-default\">\n\t\t\t\t\t<div class=\"elementor-column elementor-col-100 elementor-top-column elementor-element elementor-element-cb7580a\" data-id=\"cb7580a\" data-element_type=\"column\">\n\t\t\t<div class=\"elementor-widget-wrap elementor-element-populated\">\n\t\t\t\t\t\t\t\t<div class=\"elementor-element elementor-element-e1d2ef7 elementor-widget elementor-widget-heading\" data-id=\"e1d2ef7\" data-element_type=\"widget\" data-widget_type=\"heading.default\">\n\t\t\t\t<div class=\"elementor-widget-container\">\n\t\t\t<style>\/*! elementor - v3.10.2 - 29-01-2023 *\/\n.elementor-heading-title{padding:0;margin:0;line-height:1}.elementor-widget-heading .elementor-heading-title[class*=elementor-size-]>a{color:inherit;font-size:inherit;line-height:inherit}.elementor-widget-heading .elementor-heading-title.elementor-size-small{font-size:15px}.elementor-widget-heading .elementor-heading-title.elementor-size-medium{font-size:19px}.elementor-widget-heading .elementor-heading-title.elementor-size-large{font-size:29px}.elementor-widget-heading .elementor-heading-title.elementor-size-xl{font-size:39px}.elementor-widget-heading .elementor-heading-title.elementor-size-xxl{font-size:59px}<\/style><h3 class=\"elementor-heading-title elementor-size-default\">Bienvenue \u00e0 la cr\u00e8che L'Ours en Peluche<\/h3>\t\t<\/div>\n\t\t\t\t<\/div>\n\t\t\t\t\t<\/div>\n\t\t<\/div>\n\t\t\t\t\t\t\t<\/div>\n\t\t<\/section>\n\t\t\t\t<section class=\"elementor-section elementor-top-section elementor-element elementor-element-4193c74 elementor-section-stretched elementor-section-boxed elementor-section-height-default elementor-section-height-default\" data-id=\"4193c74\" data-element_type=\"section\" data-settings=\"{&quot;stretch_section&quot;:&quot;section-stretched&quot;}\">\n\t\t\t\t\t\t<div class=\"elementor-container elementor-column-gap-default\">\n\t\t\t\t\t<div class=\"elementor-column elementor-col-100 elementor-top-column elementor-element elementor-element-b96ab83\" data-id=\"b96ab83\" data-element_type=\"column\">\n\t\t\t<div class=\"elementor-widget-wrap elementor-element-populated\">\n\t\t\t\t\t\t\t\t<div class=\"elementor-element elementor-element-5a68c1b elementor-widget elementor-widget-text-editor\" data-id=\"5a68c1b\" data-element_type=\"widget\" data-widget_type=\"text-editor.default\">\n\t\t\t\t<div class=\"elementor-widget-container\">\n\t\t\t<style>\/*! elementor - v3.10.2 - 29-01-2023 *\/\n.elementor-widget-text-editor.elementor-drop-cap-view-stacked .elementor-drop-cap{background-color:#818a91;color:#fff}.elementor-widget-text-editor.elementor-drop-cap-view-framed .elementor-drop-cap{color:#818a91;border:3px solid;background-color:transparent}.elementor-widget-text-editor:not(.elementor-drop-cap-view-default) .elementor-drop-cap{margin-top:8px}.elementor-widget-text-editor:not(.elementor-drop-cap-view-default) .elementor-drop-cap-letter{width:1em;height:1em}.elementor-widget-text-editor .elementor-drop-cap{float:left;text-align:center;line-height:1;font-size:50px}.elementor-widget-text-editor .elementor-drop-cap-letter{display:inline-block}<\/style>\t\t\t\t<p><span style=\"color: #000000;\">La cr\u00e8che<\/span> <span style=\"color: #99cc00;\">L&rsquo;Ours en Peluche<\/span> <span style=\"color: #000000;\">est<\/span> <span style=\"color: #99cc00;\">une cr\u00e8che associative \u00e0 gestion parentale<\/span><span style=\"font-weight: 400; color: #000000;\"> ouverte depuis le 2 Novembre 1993 et disposant de 35 places destin\u00e9es aux enfants \u00e2g\u00e9s entre 3 mois et 4 ans. <\/span><\/p><p><span style=\"font-weight: 400; color: #000000;\">Avec une \u00e9quipe permanente de professionnels dipl\u00f4m\u00e9s en petite enfance ainsi que des visites hebdomadaires d\u2019une infirmi\u00e8re, d\u2019un m\u00e9decin et d\u2019une psychologue, la cr\u00e8che favorise le bien-\u00eatre et la socialisation de l\u2019enfant. Des activit\u00e9s diverses sont propos\u00e9es (peinture, musique, relaxation) pour stimuler leur \u00e9veil, d\u00e9velopper leur autonomie et satisfaire leur curiosit\u00e9. <\/span><\/p><p><span style=\"font-weight: 400;\"><span style=\"color: #000000;\">La<\/span> <span style=\"color: #99cc00;\">cour ext\u00e9rieure<\/span> <span style=\"color: #000000;\">permet aux enfants de profiter de l\u2019air libre tout en d\u00e9veloppant leur motricit\u00e9. <\/span><\/span><\/p><p><span style=\"font-weight: 400;\"><span style=\"color: #000000;\">Les<\/span> <span style=\"color: #99cc00;\">repas<\/span> <span style=\"color: #000000;\">en cr\u00e8che sont<\/span> <span style=\"color: #99cc00;\">faits maison<\/span><span style=\"color: #000000;\">, pr\u00e9par\u00e9s par un cuisiner \u00e0 partir de<\/span> <span style=\"color: #99cc00;\">produits majoritairement locaux et bio<\/span><span style=\"color: #000000;\">. <\/span><\/span><\/p><p><span style=\"font-weight: 400; color: #000000;\">Plus qu\u2019un mode de garde, la cr\u00e8che L\u2019Ours en Peluche est \u00e9galement un lieu d\u2019\u00e9changes privil\u00e9gi\u00e9 entre les professionnels de la petite enfance, les familles et l\u2019enfant.<\/span><\/p>\t\t\t\t\t\t<\/div>\n\t\t\t\t<\/div>\n\t\t\t\t\t<\/div>\n\t\t<\/div>\n\t\t\t\t\t\t\t<\/div>\n\t\t<\/section>\n\t\t\t\t<section class=\"elementor-section elementor-top-section elementor-element elementor-element-a1d7750 elementor-section-stretched elementor-section-boxed elementor-section-height-default elementor-section-height-default\" data-id=\"a1d7750\" data-element_type=\"section\" data-settings=\"{&quot;stretch_section&quot;:&quot;section-stretched&quot;}\">\n\t\t\t\t\t\t<div class=\"elementor-container elementor-column-gap-default\">\n\t\t\t\t\t<div class=\"elementor-column elementor-col-100 elementor-top-column elementor-element elementor-element-691f64c\" data-id=\"691f64c\" data-element_type=\"column\">\n\t\t\t<div class=\"elementor-widget-wrap elementor-element-populated\">\n\t\t\t\t\t\t\t\t<div class=\"elementor-element elementor-element-076a39e elementor-widget-divider--separator-type-pattern elementor-widget-divider--view-line elementor-widget elementor-widget-divider\" data-id=\"076a39e\" data-element_type=\"widget\" data-widget_type=\"divider.default\">\n\t\t\t\t<div class=\"elementor-widget-container\">\n\t\t\t<style>\/*! elementor - v3.10.2 - 29-01-2023 *\/\n.elementor-widget-divider{--divider-border-style:none;--divider-border-width:1px;--divider-color:#2c2c2c;--divider-icon-size:20px;--divider-element-spacing:10px;--divider-pattern-height:24px;--divider-pattern-size:20px;--divider-pattern-url:none;--divider-pattern-repeat:repeat-x}.elementor-widget-divider .elementor-divider{display:flex}.elementor-widget-divider .elementor-divider__text{font-size:15px;line-height:1;max-width:95%}.elementor-widget-divider .elementor-divider__element{margin:0 var(--divider-element-spacing);flex-shrink:0}.elementor-widget-divider .elementor-icon{font-size:var(--divider-icon-size)}.elementor-widget-divider .elementor-divider-separator{display:flex;margin:0;direction:ltr}.elementor-widget-divider--view-line_icon .elementor-divider-separator,.elementor-widget-divider--view-line_text .elementor-divider-separator{align-items:center}.elementor-widget-divider--view-line_icon .elementor-divider-separator:after,.elementor-widget-divider--view-line_icon .elementor-divider-separator:before,.elementor-widget-divider--view-line_text .elementor-divider-separator:after,.elementor-widget-divider--view-line_text .elementor-divider-separator:before{display:block;content:\"\";border-bottom:0;flex-grow:1;border-top:var(--divider-border-width) var(--divider-border-style) var(--divider-color)}.elementor-widget-divider--element-align-left .elementor-divider .elementor-divider-separator>.elementor-divider__svg:first-of-type{flex-grow:0;flex-shrink:100}.elementor-widget-divider--element-align-left .elementor-divider-separator:before{content:none}.elementor-widget-divider--element-align-left .elementor-divider__element{margin-left:0}.elementor-widget-divider--element-align-right .elementor-divider .elementor-divider-separator>.elementor-divider__svg:last-of-type{flex-grow:0;flex-shrink:100}.elementor-widget-divider--element-align-right .elementor-divider-separator:after{content:none}.elementor-widget-divider--element-align-right .elementor-divider__element{margin-right:0}.elementor-widget-divider:not(.elementor-widget-divider--view-line_text):not(.elementor-widget-divider--view-line_icon) .elementor-divider-separator{border-top:var(--divider-border-width) var(--divider-border-style) var(--divider-color)}.elementor-widget-divider--separator-type-pattern{--divider-border-style:none}.elementor-widget-divider--separator-type-pattern.elementor-widget-divider--view-line .elementor-divider-separator,.elementor-widget-divider--separator-type-pattern:not(.elementor-widget-divider--view-line) .elementor-divider-separator:after,.elementor-widget-divider--separator-type-pattern:not(.elementor-widget-divider--view-line) .elementor-divider-separator:before,.elementor-widget-divider--separator-type-pattern:not([class*=elementor-widget-divider--view]) .elementor-divider-separator{width:100%;min-height:var(--divider-pattern-height);-webkit-mask-size:var(--divider-pattern-size) 100%;mask-size:var(--divider-pattern-size) 100%;-webkit-mask-repeat:var(--divider-pattern-repeat);mask-repeat:var(--divider-pattern-repeat);background-color:var(--divider-color);-webkit-mask-image:var(--divider-pattern-url);mask-image:var(--divider-pattern-url)}.elementor-widget-divider--no-spacing{--divider-pattern-size:auto}.elementor-widget-divider--bg-round{--divider-pattern-repeat:round}.rtl .elementor-widget-divider .elementor-divider__text{direction:rtl}.e-con-inner>.elementor-widget-divider,.e-con>.elementor-widget-divider{width:var(--container-widget-width);--flex-grow:var(--container-widget-flex-grow)}<\/style>\t\t<div class=\"elementor-divider\" style=\"--divider-pattern-url: url(&quot;data:image\/svg+xml,%3Csvg xmlns=&#039;http:\/\/www.w3.org\/2000\/svg&#039; preserveAspectRatio=&#039;none&#039; overflow=&#039;visible&#039; height=&#039;100%&#039; viewBox=&#039;0 0 24 24&#039; fill=&#039;none&#039; stroke=&#039;black&#039; stroke-width=&#039;1&#039; stroke-linecap=&#039;square&#039; stroke-miterlimit=&#039;10&#039;%3E%3Cpath d=&#039;M0,21c3.3,0,8.3-0.9,15.7-7.1c6.6-5.4,4.4-9.3,2.4-10.3c-3.4-1.8-7.7,1.3-7.3,8.8C11.2,20,17.1,21,24,21&#039;\/%3E%3C\/svg%3E&quot;);\">\n\t\t\t<span class=\"elementor-divider-separator\">\n\t\t\t\t\t\t<\/span>\n\t\t<\/div>\n\t\t\t\t<\/div>\n\t\t\t\t<\/div>\n\t\t\t\t\t<\/div>\n\t\t<\/div>\n\t\t\t\t\t\t\t<\/div>\n\t\t<\/section>\n\t\t\t\t<section class=\"elementor-section elementor-top-section elementor-element elementor-element-9e838cf elementor-section-stretched elementor-section-boxed elementor-section-height-default elementor-section-height-default\" data-id=\"9e838cf\" data-element_type=\"section\" data-settings=\"{&quot;stretch_section&quot;:&quot;section-stretched&quot;}\">\n\t\t\t\t\t\t<div class=\"elementor-container elementor-column-gap-default\">\n\t\t\t\t\t<div class=\"elementor-column elementor-col-100 elementor-top-column elementor-element elementor-element-56debe7\" data-id=\"56debe7\" data-element_type=\"column\">\n\t\t\t<div class=\"elementor-widget-wrap elementor-element-populated\">\n\t\t\t\t\t\t\t\t<div class=\"elementor-element elementor-element-4be422f elementor-widget elementor-widget-heading\" data-id=\"4be422f\" data-element_type=\"widget\" data-widget_type=\"heading.default\">\n\t\t\t\t<div class=\"elementor-widget-container\">\n\t\t\t<h3 class=\"elementor-heading-title elementor-size-default\">Horaires d'accueil<\/h3>\t\t<\/div>\n\t\t\t\t<\/div>\n\t\t\t\t\t<\/div>\n\t\t<\/div>\n\t\t\t\t\t\t\t<\/div>\n\t\t<\/section>\n\t\t\t\t<section class=\"elementor-section elementor-top-section elementor-element elementor-element-e2c9d22 elementor-section-boxed elementor-section-height-default elementor-section-height-default\" data-id=\"e2c9d22\" data-element_type=\"section\">\n\t\t\t\t\t\t<div class=\"elementor-container elementor-column-gap-default\">\n\t\t\t\t\t<div class=\"elementor-column elementor-col-33 elementor-top-column elementor-element elementor-element-c5a3f74\" data-id=\"c5a3f74\" data-element_type=\"column\">\n\t\t\t<div class=\"elementor-widget-wrap elementor-element-populated\">\n\t\t\t\t\t\t\t\t<div class=\"elementor-element elementor-element-9818bb2 elementor-widget elementor-widget-image\" data-id=\"9818bb2\" data-element_type=\"widget\" data-widget_type=\"image.default\">\n\t\t\t\t<div class=\"elementor-widget-container\">\n\t\t\t<style>\/*! elementor - v3.10.2 - 29-01-2023 *\/\n.elementor-widget-image{text-align:center}.elementor-widget-image a{display:inline-block}.elementor-widget-image a img[src$=\".svg\"]{width:48px}.elementor-widget-image img{vertical-align:middle;display:inline-block}<\/style>\t\t\t\t\t\t\t\t\t\t\t\t<img loading=\"lazy\" decoding=\"async\" width=\"640\" height=\"214\" src=\"https:\/\/test.crecheloursenpeluche.fr\/wp-content\/uploads\/2022\/12\/animaux_with_background-removebg-preview.png\" class=\"attachment-large size-large wp-image-404\" alt=\"\" srcset=\"https:\/\/test.crecheloursenpeluche.fr\/wp-content\/uploads\/2022\/12\/animaux_with_background-removebg-preview.png 864w, https:\/\/test.crecheloursenpeluche.fr\/wp-content\/uploads\/2022\/12\/animaux_with_background-removebg-preview-300x100.png 300w, https:\/\/test.crecheloursenpeluche.fr\/wp-content\/uploads\/2022\/12\/animaux_with_background-removebg-preview-768x257.png 768w\" sizes=\"auto, (max-width: 640px) 100vw, 640px\" \/>\t\t\t\t\t\t\t\t\t\t\t\t\t\t\t<\/div>\n\t\t\t\t<\/div>\n\t\t\t\t\t<\/div>\n\t\t<\/div>\n\t\t\t\t<div class=\"elementor-column elementor-col-66 elementor-top-column elementor-element elementor-element-bf39a37\" data-id=\"bf39a37\" data-element_type=\"column\">\n\t\t\t<div class=\"elementor-widget-wrap elementor-element-populated\">\n\t\t\t\t\t\t\t\t<div class=\"elementor-element elementor-element-329419a elementor-widget elementor-widget-text-editor\" data-id=\"329419a\" data-element_type=\"widget\" data-widget_type=\"text-editor.default\">\n\t\t\t\t<div class=\"elementor-widget-container\">\n\t\t\t\t\t\t\t<p style=\"font-family: Sniglet, sans-serif; text-align: justify;\"><span style=\"color: #000000;\">L\u2019\u00e9tablissement est<\/span>\u00a0<span style=\"color: #99cc00;\">ouvert<\/span>\u00a0<span style=\"color: #000000;\">du<\/span>\u00a0<span style=\"color: #99cc00;\">lundi au vendredi de 07H30 \u00e0 18H30<\/span>.<\/p><p style=\"font-family: Sniglet, sans-serif; text-align: justify;\"><span style=\"color: #000000;\">Pr\u00e9voir un temps d&rsquo;\u00e9change avec le personnel sur la journ\u00e9e de votre enfant.<\/span><\/p><p style=\"font-family: Sniglet, sans-serif; text-align: justify;\"><span style=\"color: #000000;\">La<\/span>\u00a0<span style=\"color: #99cc00;\">fermeture<\/span>\u00a0<span style=\"color: #000000;\">est effective \u00e0<\/span>\u00a0<span style=\"color: #99cc00;\">18h30<\/span>.<\/p>\t\t\t\t\t\t<\/div>\n\t\t\t\t<\/div>\n\t\t\t\t\t<\/div>\n\t\t<\/div>\n\t\t\t\t\t\t\t<\/div>\n\t\t<\/section>\n\t\t\t\t<section class=\"elementor-section elementor-top-section elementor-element elementor-element-8cd504c elementor-section-stretched elementor-section-boxed elementor-section-height-default elementor-section-height-default\" data-id=\"8cd504c\" data-element_type=\"section\" data-settings=\"{&quot;stretch_section&quot;:&quot;section-stretched&quot;}\">\n\t\t\t\t\t\t<div class=\"elementor-container elementor-column-gap-default\">\n\t\t\t\t\t<div class=\"elementor-column elementor-col-100 elementor-top-column elementor-element elementor-element-f46dd97\" data-id=\"f46dd97\" data-element_type=\"column\">\n\t\t\t<div class=\"elementor-widget-wrap elementor-element-populated\">\n\t\t\t\t\t\t\t\t<div class=\"elementor-element elementor-element-12b7892 elementor-widget-divider--separator-type-pattern elementor-widget-divider--view-line elementor-widget elementor-widget-divider\" data-id=\"12b7892\" data-element_type=\"widget\" data-widget_type=\"divider.default\">\n\t\t\t\t<div class=\"elementor-widget-container\">\n\t\t\t\t\t<div class=\"elementor-divider\" style=\"--divider-pattern-url: url(&quot;data:image\/svg+xml,%3Csvg xmlns=&#039;http:\/\/www.w3.org\/2000\/svg&#039; preserveAspectRatio=&#039;none&#039; overflow=&#039;visible&#039; height=&#039;100%&#039; viewBox=&#039;0 0 24 24&#039; fill=&#039;none&#039; stroke=&#039;black&#039; stroke-width=&#039;1&#039; stroke-linecap=&#039;square&#039; stroke-miterlimit=&#039;10&#039;%3E%3Cpath d=&#039;M0,21c3.3,0,8.3-0.9,15.7-7.1c6.6-5.4,4.4-9.3,2.4-10.3c-3.4-1.8-7.7,1.3-7.3,8.8C11.2,20,17.1,21,24,21&#039;\/%3E%3C\/svg%3E&quot;);\">\n\t\t\t<span class=\"elementor-divider-separator\">\n\t\t\t\t\t\t<\/span>\n\t\t<\/div>\n\t\t\t\t<\/div>\n\t\t\t\t<\/div>\n\t\t\t\t\t<\/div>\n\t\t<\/div>\n\t\t\t\t\t\t\t<\/div>\n\t\t<\/section>\n\t\t\t\t<section class=\"elementor-section elementor-top-section elementor-element elementor-element-8457939 elementor-section-stretched elementor-section-boxed elementor-section-height-default elementor-section-height-default\" data-id=\"8457939\" data-element_type=\"section\" data-settings=\"{&quot;stretch_section&quot;:&quot;section-stretched&quot;}\">\n\t\t\t\t\t\t<div class=\"elementor-container elementor-column-gap-default\">\n\t\t\t\t\t<div class=\"elementor-column elementor-col-100 elementor-top-column elementor-element elementor-element-484c93b\" data-id=\"484c93b\" data-element_type=\"column\">\n\t\t\t<div class=\"elementor-widget-wrap elementor-element-populated\">\n\t\t\t\t\t\t\t\t<div class=\"elementor-element elementor-element-cdc4cce elementor-widget elementor-widget-heading\" data-id=\"cdc4cce\" data-element_type=\"widget\" data-widget_type=\"heading.default\">\n\t\t\t\t<div class=\"elementor-widget-container\">\n\t\t\t<h3 class=\"elementor-heading-title elementor-size-default\">L'accueil de votre enfant<\/h3>\t\t<\/div>\n\t\t\t\t<\/div>\n\t\t\t\t\t<\/div>\n\t\t<\/div>\n\t\t\t\t\t\t\t<\/div>\n\t\t<\/section>\n\t\t\t\t<section class=\"elementor-section elementor-top-section elementor-element elementor-element-4d44fb7 elementor-section-stretched elementor-section-boxed elementor-section-height-default elementor-section-height-default\" data-id=\"4d44fb7\" data-element_type=\"section\" data-settings=\"{&quot;stretch_section&quot;:&quot;section-stretched&quot;}\">\n\t\t\t\t\t\t<div class=\"elementor-container elementor-column-gap-default\">\n\t\t\t\t\t<div class=\"elementor-column elementor-col-66 elementor-top-column elementor-element elementor-element-9b8fdf4\" data-id=\"9b8fdf4\" data-element_type=\"column\">\n\t\t\t<div class=\"elementor-widget-wrap elementor-element-populated\">\n\t\t\t\t\t\t\t\t<div class=\"elementor-element elementor-element-c39a45d elementor-widget elementor-widget-text-editor\" data-id=\"c39a45d\" data-element_type=\"widget\" data-widget_type=\"text-editor.default\">\n\t\t\t\t<div class=\"elementor-widget-container\">\n\t\t\t\t\t\t\t<p><span style=\"color: #000000;\">Votre enfant sera pris en charge par une \u00e9quipe de professionnels dipl\u00f4m\u00e9s qui veillera \u00e0 favoriser son \u00e9veil et son autonomie.<\/span><\/p><p><span style=\"color: #000000;\">La cr\u00e8che propose:<\/span><\/p><p><span style=\"color: #000000;\">\ud83e\uddf8 Des activit\u00e9s libres et dirig\u00e9es,<\/span><\/p><p><span style=\"color: #000000;\">\ud83e\uddf8 Des <span style=\"font-weight: 400;\">rendez-vous r\u00e9guliers avec des intervenants ext\u00e9rieurs:<\/span><span style=\"font-weight: 400;\"> biblioth\u00e9caire, ferme p\u00e9dagogique, journ\u00e9e cocooning, etc.<\/span><\/span><\/p><p><span style=\"color: #000000;\">\ud83e\uddf8 <span style=\"font-weight: 400;\">Des projets \u00e9labor\u00e9s en \u00e9quipe et ouverts sur l\u2019ext\u00e9rieur: <\/span><span style=\"font-weight: 400;\">sorties aux parcs, \u00e0 la m\u00e9diath\u00e8que, au march\u00e9, etc.<\/span><\/span><\/p><p><span style=\"color: #000000;\">Des<\/span><span style=\"color: #99cc00;\"> repas adapt\u00e9s<\/span> <span style=\"color: #000000;\">\u00e0 chaque \u00e2ge sont<\/span> <span style=\"color: #99cc00;\">cuisin\u00e9s et pr\u00e9par\u00e9s sur place<\/span><span style=\"color: #000000;\">, avec des produits de saison.<\/span><\/p><p><span style=\"color: #000000;\">Les<\/span> <span style=\"color: #99cc00;\">couches<\/span> <span style=\"color: #000000;\">et les<\/span> <span style=\"color: #99cc00;\">produits d\u2019hygi\u00e8ne<\/span> <span style=\"color: #000000;\">sont<\/span> <span style=\"color: #99cc00;\">fournis<\/span><span style=\"color: #000000;\">.<\/span><\/p>\t\t\t\t\t\t<\/div>\n\t\t\t\t<\/div>\n\t\t\t\t\t<\/div>\n\t\t<\/div>\n\t\t\t\t<div class=\"elementor-column elementor-col-33 elementor-top-column elementor-element elementor-element-fc0c523\" data-id=\"fc0c523\" data-element_type=\"column\">\n\t\t\t<div class=\"elementor-widget-wrap elementor-element-populated\">\n\t\t\t\t\t\t\t\t<div class=\"elementor-element elementor-element-b34b536 elementor-widget elementor-widget-image\" data-id=\"b34b536\" data-element_type=\"widget\" data-widget_type=\"image.default\">\n\t\t\t\t<div class=\"elementor-widget-container\">\n\t\t\t\t\t\t\t\t\t\t\t\t\t\t\t<img loading=\"lazy\" decoding=\"async\" width=\"640\" height=\"480\" src=\"https:\/\/test.crecheloursenpeluche.fr\/wp-content\/uploads\/2022\/12\/teddy-ge51fd259a_1920-1024x768.jpg\" class=\"attachment-large size-large wp-image-199\" alt=\"\" srcset=\"https:\/\/test.crecheloursenpeluche.fr\/wp-content\/uploads\/2022\/12\/teddy-ge51fd259a_1920-1024x768.jpg 1024w, https:\/\/test.crecheloursenpeluche.fr\/wp-content\/uploads\/2022\/12\/teddy-ge51fd259a_1920-300x225.jpg 300w, https:\/\/test.crecheloursenpeluche.fr\/wp-content\/uploads\/2022\/12\/teddy-ge51fd259a_1920-768x576.jpg 768w, https:\/\/test.crecheloursenpeluche.fr\/wp-content\/uploads\/2022\/12\/teddy-ge51fd259a_1920-1536x1152.jpg 1536w, https:\/\/test.crecheloursenpeluche.fr\/wp-content\/uploads\/2022\/12\/teddy-ge51fd259a_1920.jpg 1920w\" sizes=\"auto, (max-width: 640px) 100vw, 640px\" \/>\t\t\t\t\t\t\t\t\t\t\t\t\t\t\t<\/div>\n\t\t\t\t<\/div>\n\t\t\t\t\t<\/div>\n\t\t<\/div>\n\t\t\t\t\t\t\t<\/div>\n\t\t<\/section>\n\t\t\t\t\t\t\t<\/div>\n\t\t","protected":false},"excerpt":{"rendered":"<p>Bienvenue \u00e0 la cr\u00e8che L&rsquo;Ours en Peluche La cr\u00e8che L&rsquo;Ours en Peluche est une cr\u00e8che associative \u00e0 gestion parentale ouverte depuis le 2 Novembre 1993 [&hellip;]<\/p>\n","protected":false},"author":1,"featured_media":0,"parent":0,"menu_order":0,"comment_status":"closed","ping_status":"closed","template":"","meta":{"footnotes":""},"class_list":["post-189","page","type-page","status-publish","hentry"],"_links":{"self":[{"href":"https:\/\/test.crecheloursenpeluche.fr\/index.php\/wp-json\/wp\/v2\/pages\/189","targetHints":{"allow":["GET"]}}],"collection":[{"href":"https:\/\/test.crecheloursenpeluche.fr\/index.php\/wp-json\/wp\/v2\/pages"}],"about":[{"href":"https:\/\/test.crecheloursenpeluche.fr\/index.php\/wp-json\/wp\/v2\/types\/page"}],"author":[{"embeddable":true,"href":"https:\/\/test.crecheloursenpeluche.fr\/index.php\/wp-json\/wp\/v2\/users\/1"}],"replies":[{"embeddable":true,"href":"https:\/\/test.crecheloursenpeluche.fr\/index.php\/wp-json\/wp\/v2\/comments?post=189"}],"version-history":[{"count":74,"href":"https:\/\/test.crecheloursenpeluche.fr\/index.php\/wp-json\/wp\/v2\/pages\/189\/revisions"}],"predecessor-version":[{"id":713,"href":"https:\/\/test.crecheloursenpeluche.fr\/index.php\/wp-json\/wp\/v2\/pages\/189\/revisions\/713"}],"wp:attachment":[{"href":"https:\/\/test.crecheloursenpeluche.fr\/index.php\/wp-json\/wp\/v2\/media?parent=189"}],"curies":[{"name":"wp","href":"https:\/\/api.w.org\/{rel}","templated":true}]}}