{"id":29,"date":"2022-12-19T14:08:43","date_gmt":"2022-12-19T13:08:43","guid":{"rendered":"https:\/\/test.crecheloursenpeluche.fr\/?page_id=29"},"modified":"2023-02-12T17:24:29","modified_gmt":"2023-02-12T16:24:29","slug":"les-locaux","status":"publish","type":"page","link":"https:\/\/test.crecheloursenpeluche.fr\/index.php\/les-locaux\/","title":{"rendered":"Les locaux"},"content":{"rendered":"\t\t<div data-elementor-type=\"wp-page\" data-elementor-id=\"29\" class=\"elementor elementor-29\">\n\t\t\t\t\t\t\t\t\t<section class=\"elementor-section elementor-top-section elementor-element elementor-element-817fd68 elementor-section-stretched elementor-section-boxed elementor-section-height-default elementor-section-height-default\" data-id=\"817fd68\" data-element_type=\"section\" data-settings=\"{&quot;stretch_section&quot;:&quot;section-stretched&quot;}\">\n\t\t\t\t\t\t<div class=\"elementor-container elementor-column-gap-default\">\n\t\t\t\t\t<div class=\"elementor-column elementor-col-100 elementor-top-column elementor-element elementor-element-3a7a0ac\" data-id=\"3a7a0ac\" data-element_type=\"column\">\n\t\t\t<div class=\"elementor-widget-wrap elementor-element-populated\">\n\t\t\t\t\t\t\t\t<div class=\"elementor-element elementor-element-7b3aba2 elementor-widget elementor-widget-heading\" data-id=\"7b3aba2\" data-element_type=\"widget\" data-widget_type=\"heading.default\">\n\t\t\t\t<div class=\"elementor-widget-container\">\n\t\t\t<style>\/*! elementor - v3.10.2 - 29-01-2023 *\/\n.elementor-heading-title{padding:0;margin:0;line-height:1}.elementor-widget-heading .elementor-heading-title[class*=elementor-size-]>a{color:inherit;font-size:inherit;line-height:inherit}.elementor-widget-heading .elementor-heading-title.elementor-size-small{font-size:15px}.elementor-widget-heading .elementor-heading-title.elementor-size-medium{font-size:19px}.elementor-widget-heading .elementor-heading-title.elementor-size-large{font-size:29px}.elementor-widget-heading .elementor-heading-title.elementor-size-xl{font-size:39px}.elementor-widget-heading .elementor-heading-title.elementor-size-xxl{font-size:59px}<\/style><h3 class=\"elementor-heading-title elementor-size-default\">Les locaux de la cr\u00e8che<\/h3>\t\t<\/div>\n\t\t\t\t<\/div>\n\t\t\t\t\t<\/div>\n\t\t<\/div>\n\t\t\t\t\t\t\t<\/div>\n\t\t<\/section>\n\t\t\t\t<section class=\"elementor-section elementor-top-section elementor-element elementor-element-ab96902 elementor-section-stretched elementor-section-boxed elementor-section-height-default elementor-section-height-default\" data-id=\"ab96902\" data-element_type=\"section\" data-settings=\"{&quot;stretch_section&quot;:&quot;section-stretched&quot;}\">\n\t\t\t\t\t\t<div class=\"elementor-container elementor-column-gap-default\">\n\t\t\t\t\t<div class=\"elementor-column elementor-col-100 elementor-top-column elementor-element elementor-element-1e39013\" data-id=\"1e39013\" data-element_type=\"column\">\n\t\t\t<div class=\"elementor-widget-wrap elementor-element-populated\">\n\t\t\t\t\t\t\t\t<div class=\"elementor-element elementor-element-ec97de0 elementor-widget elementor-widget-text-editor\" data-id=\"ec97de0\" data-element_type=\"widget\" data-widget_type=\"text-editor.default\">\n\t\t\t\t<div class=\"elementor-widget-container\">\n\t\t\t<style>\/*! elementor - v3.10.2 - 29-01-2023 *\/\n.elementor-widget-text-editor.elementor-drop-cap-view-stacked .elementor-drop-cap{background-color:#818a91;color:#fff}.elementor-widget-text-editor.elementor-drop-cap-view-framed .elementor-drop-cap{color:#818a91;border:3px solid;background-color:transparent}.elementor-widget-text-editor:not(.elementor-drop-cap-view-default) .elementor-drop-cap{margin-top:8px}.elementor-widget-text-editor:not(.elementor-drop-cap-view-default) .elementor-drop-cap-letter{width:1em;height:1em}.elementor-widget-text-editor .elementor-drop-cap{float:left;text-align:center;line-height:1;font-size:50px}.elementor-widget-text-editor .elementor-drop-cap-letter{display:inline-block}<\/style>\t\t\t\t<p><span style=\"color: #000000;\">Les locaux de la cr\u00e8che sont constitu\u00e9s:<\/span><\/p><p><span style=\"color: #000000;\"><img decoding=\"async\" class=\"emoji\" role=\"img\" draggable=\"false\" src=\"https:\/\/s.w.org\/images\/core\/emoji\/14.0.0\/svg\/1f9f8.svg\" alt=\"\ud83e\uddf8\" \/> du sas d&rsquo;entr\u00e9e o\u00f9 les parents et les enfants se d\u00e9chaussent et o\u00f9 les parents entreposent les poussettes<\/span><\/p><p><span style=\"color: #000000;\"><img decoding=\"async\" class=\"emoji\" role=\"img\" draggable=\"false\" src=\"https:\/\/s.w.org\/images\/core\/emoji\/14.0.0\/svg\/1f9f8.svg\" alt=\"\ud83e\uddf8\" \/> du bureau de la directrice<\/span><\/p><p><span style=\"color: #000000;\"><img decoding=\"async\" class=\"emoji\" role=\"img\" draggable=\"false\" src=\"https:\/\/s.w.org\/images\/core\/emoji\/14.0.0\/svg\/1f9f8.svg\" alt=\"\ud83e\uddf8\" \/> d&rsquo;une cuisine<\/span><\/p><p><img decoding=\"async\" class=\"emoji\" role=\"img\" draggable=\"false\" src=\"https:\/\/s.w.org\/images\/core\/emoji\/14.0.0\/svg\/1f9f8.svg\" alt=\"\ud83e\uddf8\" \/> <span style=\"color: #000000;\">d&rsquo;un espace<\/span>\u00a0<span style=\"color: #008000;\"><strong>Libellule<\/strong><\/span><span style=\"color: #000000;\">, constitu\u00e9 d&rsquo;une pi\u00e8ce de vie commune, une salle de change, une salle de repas et une pi\u00e8ce d&rsquo;endormissement<\/span><\/p><p><img decoding=\"async\" class=\"emoji\" role=\"img\" draggable=\"false\" src=\"https:\/\/s.w.org\/images\/core\/emoji\/14.0.0\/svg\/1f9f8.svg\" alt=\"\ud83e\uddf8\" \/><span style=\"color: #000000;\"> d&rsquo;un espace<\/span>\u00a0<span style=\"color: #99cc00;\"><strong>Luciole<\/strong><\/span><span style=\"color: #000000;\">, constitu\u00e9 d&rsquo;une pi\u00e8ce de vie commune, une salle de change, une salle de repas, une pi\u00e8ce d&rsquo;endormissement et une biberonnerie<\/span><\/p><p><img decoding=\"async\" class=\"emoji\" role=\"img\" draggable=\"false\" src=\"https:\/\/s.w.org\/images\/core\/emoji\/14.0.0\/svg\/1f9f8.svg\" alt=\"\ud83e\uddf8\" \/><span style=\"color: #000000;\"> d&rsquo;une cour ext\u00e9rieure<\/span><\/p><p><img decoding=\"async\" class=\"emoji\" role=\"img\" draggable=\"false\" src=\"https:\/\/s.w.org\/images\/core\/emoji\/14.0.0\/svg\/1f9f8.svg\" alt=\"\ud83e\uddf8\" \/><span style=\"color: #000000;\"> une laverie<\/span><\/p>\t\t\t\t\t\t<\/div>\n\t\t\t\t<\/div>\n\t\t\t\t\t<\/div>\n\t\t<\/div>\n\t\t\t\t\t\t\t<\/div>\n\t\t<\/section>\n\t\t\t\t<section class=\"elementor-section elementor-top-section elementor-element elementor-element-2fdaa78 elementor-section-stretched elementor-section-boxed elementor-section-height-default elementor-section-height-default\" data-id=\"2fdaa78\" data-element_type=\"section\" data-settings=\"{&quot;stretch_section&quot;:&quot;section-stretched&quot;}\">\n\t\t\t\t\t\t<div class=\"elementor-container elementor-column-gap-default\">\n\t\t\t\t\t<div class=\"elementor-column elementor-col-100 elementor-top-column elementor-element elementor-element-2e51657\" data-id=\"2e51657\" data-element_type=\"column\">\n\t\t\t<div class=\"elementor-widget-wrap elementor-element-populated\">\n\t\t\t\t\t\t\t\t<div class=\"elementor-element elementor-element-8afdea1 elementor-arrows-position-inside elementor-pagination-position-outside elementor-widget elementor-widget-image-carousel\" data-id=\"8afdea1\" data-element_type=\"widget\" data-settings=\"{&quot;slides_to_show&quot;:&quot;2&quot;,&quot;slides_to_scroll&quot;:&quot;2&quot;,&quot;navigation&quot;:&quot;both&quot;,&quot;autoplay&quot;:&quot;yes&quot;,&quot;pause_on_hover&quot;:&quot;yes&quot;,&quot;pause_on_interaction&quot;:&quot;yes&quot;,&quot;autoplay_speed&quot;:5000,&quot;infinite&quot;:&quot;yes&quot;,&quot;speed&quot;:500}\" data-widget_type=\"image-carousel.default\">\n\t\t\t\t<div class=\"elementor-widget-container\">\n\t\t\t<style>\/*! elementor - v3.10.2 - 29-01-2023 *\/\n.elementor-widget-image-carousel .swiper-container{position:static}.elementor-widget-image-carousel .swiper-container .swiper-slide figure{line-height:inherit}.elementor-widget-image-carousel .swiper-slide{text-align:center}.elementor-image-carousel-wrapper:not(.swiper-container-initialized) .swiper-slide{max-width:calc(100% \/ var(--e-image-carousel-slides-to-show, 3))}<\/style>\t\t<div class=\"elementor-image-carousel-wrapper swiper-container\" dir=\"ltr\">\n\t\t\t<div class=\"elementor-image-carousel swiper-wrapper\">\n\t\t\t\t\t\t\t\t<div class=\"swiper-slide\"><figure class=\"swiper-slide-inner\"><img decoding=\"async\" class=\"swiper-slide-image\" src=\"https:\/\/test.crecheloursenpeluche.fr\/wp-content\/uploads\/2023\/01\/20230104_174920_censored-768x576.jpg\" alt=\"Espace pousettes\" \/><figcaption class=\"elementor-image-carousel-caption\">Espace pousettes<\/figcaption><\/figure><\/div><div class=\"swiper-slide\"><figure class=\"swiper-slide-inner\"><img decoding=\"async\" class=\"swiper-slide-image\" src=\"https:\/\/test.crecheloursenpeluche.fr\/wp-content\/uploads\/2023\/01\/IMG_1401_censored.jpg\" alt=\"Sas d&#039;entr\u00e9e des enfants\" \/><figcaption class=\"elementor-image-carousel-caption\">Sas d'entr\u00e9e des enfants<\/figcaption><\/figure><\/div><div class=\"swiper-slide\"><figure class=\"swiper-slide-inner\"><img decoding=\"async\" class=\"swiper-slide-image\" src=\"https:\/\/test.crecheloursenpeluche.fr\/wp-content\/uploads\/2023\/01\/20230104_175019-768x1024.jpg\" alt=\"Sas d&#039;entr\u00e9e des enfants\" \/><figcaption class=\"elementor-image-carousel-caption\">Sas d'entr\u00e9e des enfants<\/figcaption><\/figure><\/div><div class=\"swiper-slide\"><figure class=\"swiper-slide-inner\"><img decoding=\"async\" class=\"swiper-slide-image\" src=\"https:\/\/test.crecheloursenpeluche.fr\/wp-content\/uploads\/2023\/01\/IMG_1391-rotated.jpg\" alt=\"Espace jeu Lucioles\" \/><figcaption class=\"elementor-image-carousel-caption\">Espace jeu Lucioles<\/figcaption><\/figure><\/div><div class=\"swiper-slide\"><figure class=\"swiper-slide-inner\"><img decoding=\"async\" class=\"swiper-slide-image\" src=\"https:\/\/test.crecheloursenpeluche.fr\/wp-content\/uploads\/2023\/01\/IMG_1392-rotated.jpg\" alt=\"Espace jeu Lucioles\" \/><figcaption class=\"elementor-image-carousel-caption\">Espace jeu Lucioles<\/figcaption><\/figure><\/div><div class=\"swiper-slide\"><figure class=\"swiper-slide-inner\"><img decoding=\"async\" class=\"swiper-slide-image\" src=\"https:\/\/test.crecheloursenpeluche.fr\/wp-content\/uploads\/2023\/01\/IMG_1396.jpg\" alt=\"Espace jeu Lucioles\" \/><figcaption class=\"elementor-image-carousel-caption\">Espace jeu Lucioles<\/figcaption><\/figure><\/div><div class=\"swiper-slide\"><figure class=\"swiper-slide-inner\"><img decoding=\"async\" class=\"swiper-slide-image\" src=\"https:\/\/test.crecheloursenpeluche.fr\/wp-content\/uploads\/2023\/01\/IMG_1390-rotated.jpg\" alt=\"Espace jeu Lucioles\" \/><figcaption class=\"elementor-image-carousel-caption\">Espace jeu Lucioles<\/figcaption><\/figure><\/div><div class=\"swiper-slide\"><figure class=\"swiper-slide-inner\"><img decoding=\"async\" class=\"swiper-slide-image\" src=\"https:\/\/test.crecheloursenpeluche.fr\/wp-content\/uploads\/2023\/01\/20230104_175136-768x576.jpg\" alt=\"Espace repas Lucioles\" \/><figcaption class=\"elementor-image-carousel-caption\">Espace repas Lucioles<\/figcaption><\/figure><\/div><div class=\"swiper-slide\"><figure class=\"swiper-slide-inner\"><img decoding=\"async\" class=\"swiper-slide-image\" src=\"https:\/\/test.crecheloursenpeluche.fr\/wp-content\/uploads\/2023\/01\/IMG_1408-rotated.jpg\" alt=\"Espace jeu Libellules\" \/><figcaption class=\"elementor-image-carousel-caption\">Espace jeu Libellules<\/figcaption><\/figure><\/div><div class=\"swiper-slide\"><figure class=\"swiper-slide-inner\"><img decoding=\"async\" class=\"swiper-slide-image\" src=\"https:\/\/test.crecheloursenpeluche.fr\/wp-content\/uploads\/2023\/01\/IMG_1407-rotated.jpg\" alt=\"Espace jeu Libellules\" \/><figcaption class=\"elementor-image-carousel-caption\">Espace jeu Libellules<\/figcaption><\/figure><\/div><div class=\"swiper-slide\"><figure class=\"swiper-slide-inner\"><img decoding=\"async\" class=\"swiper-slide-image\" src=\"https:\/\/test.crecheloursenpeluche.fr\/wp-content\/uploads\/2023\/01\/IMG_1406-rotated.jpg\" alt=\"Espace jeu Libellules\" \/><figcaption class=\"elementor-image-carousel-caption\">Espace jeu Libellules<\/figcaption><\/figure><\/div><div class=\"swiper-slide\"><figure class=\"swiper-slide-inner\"><img decoding=\"async\" class=\"swiper-slide-image\" src=\"https:\/\/test.crecheloursenpeluche.fr\/wp-content\/uploads\/2023\/01\/IMG_1405-rotated.jpg\" alt=\"Espace jeu Libellules\" \/><figcaption class=\"elementor-image-carousel-caption\">Espace jeu Libellules<\/figcaption><\/figure><\/div><div class=\"swiper-slide\"><figure class=\"swiper-slide-inner\"><img decoding=\"async\" class=\"swiper-slide-image\" src=\"https:\/\/test.crecheloursenpeluche.fr\/wp-content\/uploads\/2023\/01\/20230104_175033-768x576.jpg\" alt=\"Espace repas Libellules\" \/><figcaption class=\"elementor-image-carousel-caption\">Espace repas Libellules<\/figcaption><\/figure><\/div><div class=\"swiper-slide\"><figure class=\"swiper-slide-inner\"><img decoding=\"async\" class=\"swiper-slide-image\" src=\"https:\/\/test.crecheloursenpeluche.fr\/wp-content\/uploads\/2023\/02\/20230209_085400-768x576.jpg\" alt=\"Espace ext\u00e9rieur\" \/><figcaption class=\"elementor-image-carousel-caption\">Espace ext\u00e9rieur<\/figcaption><\/figure><\/div><div class=\"swiper-slide\"><figure class=\"swiper-slide-inner\"><img decoding=\"async\" class=\"swiper-slide-image\" src=\"https:\/\/test.crecheloursenpeluche.fr\/wp-content\/uploads\/2023\/02\/20230209_085414-768x576.jpg\" alt=\"Espace ext\u00e9rieur\" \/><figcaption class=\"elementor-image-carousel-caption\">Espace ext\u00e9rieur<\/figcaption><\/figure><\/div>\t\t\t<\/div>\n\t\t\t\t\t\t\t\t\t\t\t\t<div class=\"swiper-pagination\"><\/div>\n\t\t\t\t\t\t\t\t\t\t\t\t\t<div class=\"elementor-swiper-button elementor-swiper-button-prev\">\n\t\t\t\t\t\t<i aria-hidden=\"true\" class=\"eicon-chevron-left\"><\/i>\t\t\t\t\t\t<span class=\"elementor-screen-only\">Pr\u00e9c\u00e9dent<\/span>\n\t\t\t\t\t<\/div>\n\t\t\t\t\t<div class=\"elementor-swiper-button elementor-swiper-button-next\">\n\t\t\t\t\t\t<i aria-hidden=\"true\" class=\"eicon-chevron-right\"><\/i>\t\t\t\t\t\t<span class=\"elementor-screen-only\">Suivant<\/span>\n\t\t\t\t\t<\/div>\n\t\t\t\t\t\t\t\t\t<\/div>\n\t\t\t\t<\/div>\n\t\t\t\t<\/div>\n\t\t\t\t\t<\/div>\n\t\t<\/div>\n\t\t\t\t\t\t\t<\/div>\n\t\t<\/section>\n\t\t\t\t\t\t\t<\/div>\n\t\t","protected":false},"excerpt":{"rendered":"<p>Les locaux de la cr\u00e8che Les locaux de la cr\u00e8che sont constitu\u00e9s: du sas d&rsquo;entr\u00e9e o\u00f9 les parents et les enfants se d\u00e9chaussent et o\u00f9 [&hellip;]<\/p>\n","protected":false},"author":1,"featured_media":0,"parent":0,"menu_order":0,"comment_status":"closed","ping_status":"closed","template":"","meta":{"footnotes":""},"class_list":["post-29","page","type-page","status-publish","hentry"],"_links":{"self":[{"href":"https:\/\/test.crecheloursenpeluche.fr\/index.php\/wp-json\/wp\/v2\/pages\/29","targetHints":{"allow":["GET"]}}],"collection":[{"href":"https:\/\/test.crecheloursenpeluche.fr\/index.php\/wp-json\/wp\/v2\/pages"}],"about":[{"href":"https:\/\/test.crecheloursenpeluche.fr\/index.php\/wp-json\/wp\/v2\/types\/page"}],"author":[{"embeddable":true,"href":"https:\/\/test.crecheloursenpeluche.fr\/index.php\/wp-json\/wp\/v2\/users\/1"}],"replies":[{"embeddable":true,"href":"https:\/\/test.crecheloursenpeluche.fr\/index.php\/wp-json\/wp\/v2\/comments?post=29"}],"version-history":[{"count":43,"href":"https:\/\/test.crecheloursenpeluche.fr\/index.php\/wp-json\/wp\/v2\/pages\/29\/revisions"}],"predecessor-version":[{"id":758,"href":"https:\/\/test.crecheloursenpeluche.fr\/index.php\/wp-json\/wp\/v2\/pages\/29\/revisions\/758"}],"wp:attachment":[{"href":"https:\/\/test.crecheloursenpeluche.fr\/index.php\/wp-json\/wp\/v2\/media?parent=29"}],"curies":[{"name":"wp","href":"https:\/\/api.w.org\/{rel}","templated":true}]}}