{"id":668,"date":"2023-01-11T11:36:33","date_gmt":"2023-01-11T10:36:33","guid":{"rendered":"https:\/\/test.crecheloursenpeluche.fr\/?page_id=668"},"modified":"2023-01-26T14:14:26","modified_gmt":"2023-01-26T13:14:26","slug":"au-quotidien","status":"publish","type":"page","link":"https:\/\/test.crecheloursenpeluche.fr\/index.php\/au-quotidien\/","title":{"rendered":"Au quotidien"},"content":{"rendered":"\t\t<div data-elementor-type=\"wp-page\" data-elementor-id=\"668\" class=\"elementor elementor-668\">\n\t\t\t\t\t\t\t\t\t<section class=\"elementor-section elementor-top-section elementor-element elementor-element-ab38680 elementor-section-boxed elementor-section-height-default elementor-section-height-default\" data-id=\"ab38680\" data-element_type=\"section\">\n\t\t\t\t\t\t<div class=\"elementor-container elementor-column-gap-default\">\n\t\t\t\t\t<div class=\"elementor-column elementor-col-100 elementor-top-column elementor-element elementor-element-b640e94\" data-id=\"b640e94\" data-element_type=\"column\">\n\t\t\t<div class=\"elementor-widget-wrap elementor-element-populated\">\n\t\t\t\t\t\t\t\t<div class=\"elementor-element elementor-element-047f5dc elementor-widget elementor-widget-heading\" data-id=\"047f5dc\" data-element_type=\"widget\" data-widget_type=\"heading.default\">\n\t\t\t\t<div class=\"elementor-widget-container\">\n\t\t\t<style>\/*! elementor - v3.10.2 - 29-01-2023 *\/\n.elementor-heading-title{padding:0;margin:0;line-height:1}.elementor-widget-heading .elementor-heading-title[class*=elementor-size-]>a{color:inherit;font-size:inherit;line-height:inherit}.elementor-widget-heading .elementor-heading-title.elementor-size-small{font-size:15px}.elementor-widget-heading .elementor-heading-title.elementor-size-medium{font-size:19px}.elementor-widget-heading .elementor-heading-title.elementor-size-large{font-size:29px}.elementor-widget-heading .elementor-heading-title.elementor-size-xl{font-size:39px}.elementor-widget-heading .elementor-heading-title.elementor-size-xxl{font-size:59px}<\/style><h3 class=\"elementor-heading-title elementor-size-default\">Notre quotidien<\/h3>\t\t<\/div>\n\t\t\t\t<\/div>\n\t\t\t\t\t<\/div>\n\t\t<\/div>\n\t\t\t\t\t\t\t<\/div>\n\t\t<\/section>\n\t\t\t\t<section class=\"elementor-section elementor-top-section elementor-element elementor-element-f42d2ae elementor-section-boxed elementor-section-height-default elementor-section-height-default\" data-id=\"f42d2ae\" data-element_type=\"section\">\n\t\t\t\t\t\t<div class=\"elementor-container elementor-column-gap-default\">\n\t\t\t\t\t<div class=\"elementor-column elementor-col-66 elementor-top-column elementor-element elementor-element-4a58c97\" data-id=\"4a58c97\" data-element_type=\"column\">\n\t\t\t<div class=\"elementor-widget-wrap elementor-element-populated\">\n\t\t\t\t\t\t\t\t<div class=\"elementor-element elementor-element-997f082 elementor-widget elementor-widget-text-editor\" data-id=\"997f082\" data-element_type=\"widget\" data-widget_type=\"text-editor.default\">\n\t\t\t\t<div class=\"elementor-widget-container\">\n\t\t\t<style>\/*! elementor - v3.10.2 - 29-01-2023 *\/\n.elementor-widget-text-editor.elementor-drop-cap-view-stacked .elementor-drop-cap{background-color:#818a91;color:#fff}.elementor-widget-text-editor.elementor-drop-cap-view-framed .elementor-drop-cap{color:#818a91;border:3px solid;background-color:transparent}.elementor-widget-text-editor:not(.elementor-drop-cap-view-default) .elementor-drop-cap{margin-top:8px}.elementor-widget-text-editor:not(.elementor-drop-cap-view-default) .elementor-drop-cap-letter{width:1em;height:1em}.elementor-widget-text-editor .elementor-drop-cap{float:left;text-align:center;line-height:1;font-size:50px}.elementor-widget-text-editor .elementor-drop-cap-letter{display:inline-block}<\/style>\t\t\t\t<p>Il est difficile de parler de journ\u00e9e type car l&rsquo;\u00e9quipe p\u00e9dagogique s&rsquo;adapte au rythme des b\u00e9b\u00e9s pour les repas , siestes, moment d&rsquo;\u00e9veil, etc.&nbsp; En revanche pour les moyens et les grands, afin de cr\u00e9er des repaires favorisant leur s\u00e9curit\u00e9 affective et \u00e9motionnelle, on&nbsp; peut identifier plusieurs temps fort.<\/p>\n<h5><span style=\"color: #6ec1e4;\"><b>Le matin<\/b><\/span><\/h5>\n<p>D\u00e8s 7h30: les professionnelles accueillent les enfants, dans la salle <strong><span style=\"color: #008000;\">Libellules<\/span><\/strong>. L&rsquo;accueil est assur\u00e9 jusqu&rsquo;\u00e0 10h30.<\/p>\n<p>8h30: les \u00e9quipes <strong><span style=\"color: #99cc00;\">Lucioles<\/span> <\/strong>et <strong><span style=\"color: #008000;\">Libellules<\/span> <\/strong>se s\u00e9parent et les enfants sont en jeu libre. Les enfants qui dorment le matin sont couch\u00e9s selon leur besoin.<\/p>\n<p>Sur les groupes, un temps de regroupement est propos\u00e9 avant la mise en place d&rsquo;atelier vers 9h30 et l&rsquo;enfant choisit de participer ou non.<\/p>\n<p>Avant 11h: un temps collectif est propos\u00e9 aux enfants avant le passage \u00e0 table.<\/p>\n<p>Les plus grands de chaque groupe se retrouve pour partager le repas, servit dans des assiettes compartiment\u00e9es ou l&rsquo;ensemble du repas (de l&rsquo;entr\u00e9e au dessert) est propos\u00e9 \u00e0 l&rsquo;enfant.<\/p>\n<p>12h &#8211; 12h30: L&rsquo;\u00e9quipe p\u00e9dagogique pr\u00e9pare les enfants pour la sieste et les accompagnent a\u00f9 d\u00e9shabillage puis \u00e0 l&rsquo;endormissement.<\/p>\t\t\t\t\t\t<\/div>\n\t\t\t\t<\/div>\n\t\t\t\t\t<\/div>\n\t\t<\/div>\n\t\t\t\t<div class=\"elementor-column elementor-col-33 elementor-top-column elementor-element elementor-element-6710167\" data-id=\"6710167\" data-element_type=\"column\">\n\t\t\t<div class=\"elementor-widget-wrap elementor-element-populated\">\n\t\t\t\t\t\t\t\t<div class=\"elementor-element elementor-element-6cf35b7 elementor-widget elementor-widget-image\" data-id=\"6cf35b7\" data-element_type=\"widget\" data-widget_type=\"image.default\">\n\t\t\t\t<div class=\"elementor-widget-container\">\n\t\t\t<style>\/*! elementor - v3.10.2 - 29-01-2023 *\/\n.elementor-widget-image{text-align:center}.elementor-widget-image a{display:inline-block}.elementor-widget-image a img[src$=\".svg\"]{width:48px}.elementor-widget-image img{vertical-align:middle;display:inline-block}<\/style>\t\t\t\t\t\t\t\t\t\t\t\t<img loading=\"lazy\" decoding=\"async\" width=\"449\" height=\"555\" src=\"https:\/\/test.crecheloursenpeluche.fr\/wp-content\/uploads\/2023\/01\/3528728_20924-removebg-preview.png\" class=\"attachment-large size-large wp-image-683\" alt=\"\" srcset=\"https:\/\/test.crecheloursenpeluche.fr\/wp-content\/uploads\/2023\/01\/3528728_20924-removebg-preview.png 449w, https:\/\/test.crecheloursenpeluche.fr\/wp-content\/uploads\/2023\/01\/3528728_20924-removebg-preview-243x300.png 243w\" sizes=\"auto, (max-width: 449px) 100vw, 449px\" \/>\t\t\t\t\t\t\t\t\t\t\t\t\t\t\t<\/div>\n\t\t\t\t<\/div>\n\t\t\t\t\t<\/div>\n\t\t<\/div>\n\t\t\t\t\t\t\t<\/div>\n\t\t<\/section>\n\t\t\t\t<section class=\"elementor-section elementor-top-section elementor-element elementor-element-0578fc7 elementor-section-boxed elementor-section-height-default elementor-section-height-default\" data-id=\"0578fc7\" data-element_type=\"section\">\n\t\t\t\t\t\t<div class=\"elementor-container elementor-column-gap-default\">\n\t\t\t\t\t<div class=\"elementor-column elementor-col-33 elementor-top-column elementor-element elementor-element-6b51026\" data-id=\"6b51026\" data-element_type=\"column\">\n\t\t\t<div class=\"elementor-widget-wrap elementor-element-populated\">\n\t\t\t\t\t\t\t\t<div class=\"elementor-element elementor-element-a837037 elementor-widget elementor-widget-image\" data-id=\"a837037\" data-element_type=\"widget\" data-widget_type=\"image.default\">\n\t\t\t\t<div class=\"elementor-widget-container\">\n\t\t\t\t\t\t\t\t\t\t\t\t\t\t\t<img loading=\"lazy\" decoding=\"async\" width=\"589\" height=\"424\" src=\"https:\/\/test.crecheloursenpeluche.fr\/wp-content\/uploads\/2023\/01\/13987782_j72n_mmgb_201014-removebg-preview.png\" class=\"attachment-large size-large wp-image-672\" alt=\"\" srcset=\"https:\/\/test.crecheloursenpeluche.fr\/wp-content\/uploads\/2023\/01\/13987782_j72n_mmgb_201014-removebg-preview.png 589w, https:\/\/test.crecheloursenpeluche.fr\/wp-content\/uploads\/2023\/01\/13987782_j72n_mmgb_201014-removebg-preview-300x216.png 300w\" sizes=\"auto, (max-width: 589px) 100vw, 589px\" \/>\t\t\t\t\t\t\t\t\t\t\t\t\t\t\t<\/div>\n\t\t\t\t<\/div>\n\t\t\t\t\t<\/div>\n\t\t<\/div>\n\t\t\t\t<div class=\"elementor-column elementor-col-66 elementor-top-column elementor-element elementor-element-90b73ee\" data-id=\"90b73ee\" data-element_type=\"column\">\n\t\t\t<div class=\"elementor-widget-wrap elementor-element-populated\">\n\t\t\t\t\t\t\t\t<div class=\"elementor-element elementor-element-ac9b593 elementor-widget elementor-widget-text-editor\" data-id=\"ac9b593\" data-element_type=\"widget\" data-widget_type=\"text-editor.default\">\n\t\t\t\t<div class=\"elementor-widget-container\">\n\t\t\t\t\t\t\t<h5><span style=\"color: #6ec1e4;\"><b>L&rsquo;apr\u00e8s-midi<\/b><\/span><\/h5><p><span style=\"color: #000000;\">14h00: Les enfants dorment selon leur besoin et leur rythme. Quand ils se r\u00e9veillent l&rsquo;\u00e9quipe changent les couchent et aident \u00e0 l&rsquo;habillage.<\/span><\/p><p><span style=\"color: #000000;\">15h &#8211; 15h30: Le go\u00fbter est \u00e9chelonn\u00e9 selon les levers des enfants.<\/span><\/p><p><span style=\"color: #000000;\">15h30: Des ateliers peuvent \u00eatre propos\u00e9s ou du jeu libre ou de la lecture avant les premiers accueils des parents.<\/span><\/p><p>17h30: les \u00e9quipes <strong><span style=\"color: #99cc00;\">Lucioles<\/span> <\/strong>et <strong><span style=\"color: #008000;\">Libellules<\/span> <\/strong>se regroupent pour l&rsquo;accueil des derniers parents.<\/p>\t\t\t\t\t\t<\/div>\n\t\t\t\t<\/div>\n\t\t\t\t\t<\/div>\n\t\t<\/div>\n\t\t\t\t\t\t\t<\/div>\n\t\t<\/section>\n\t\t\t\t\t\t\t<\/div>\n\t\t","protected":false},"excerpt":{"rendered":"<p>Notre quotidien Il est difficile de parler de journ\u00e9e type car l&rsquo;\u00e9quipe p\u00e9dagogique s&rsquo;adapte au rythme des b\u00e9b\u00e9s pour les repas , siestes, moment d&rsquo;\u00e9veil, [&hellip;]<\/p>\n","protected":false},"author":1,"featured_media":0,"parent":0,"menu_order":0,"comment_status":"closed","ping_status":"closed","template":"","meta":{"footnotes":""},"class_list":["post-668","page","type-page","status-publish","hentry"],"_links":{"self":[{"href":"https:\/\/test.crecheloursenpeluche.fr\/index.php\/wp-json\/wp\/v2\/pages\/668","targetHints":{"allow":["GET"]}}],"collection":[{"href":"https:\/\/test.crecheloursenpeluche.fr\/index.php\/wp-json\/wp\/v2\/pages"}],"about":[{"href":"https:\/\/test.crecheloursenpeluche.fr\/index.php\/wp-json\/wp\/v2\/types\/page"}],"author":[{"embeddable":true,"href":"https:\/\/test.crecheloursenpeluche.fr\/index.php\/wp-json\/wp\/v2\/users\/1"}],"replies":[{"embeddable":true,"href":"https:\/\/test.crecheloursenpeluche.fr\/index.php\/wp-json\/wp\/v2\/comments?post=668"}],"version-history":[{"count":16,"href":"https:\/\/test.crecheloursenpeluche.fr\/index.php\/wp-json\/wp\/v2\/pages\/668\/revisions"}],"predecessor-version":[{"id":740,"href":"https:\/\/test.crecheloursenpeluche.fr\/index.php\/wp-json\/wp\/v2\/pages\/668\/revisions\/740"}],"wp:attachment":[{"href":"https:\/\/test.crecheloursenpeluche.fr\/index.php\/wp-json\/wp\/v2\/media?parent=668"}],"curies":[{"name":"wp","href":"https:\/\/api.w.org\/{rel}","templated":true}]}}